{"id":10,"date":"2021-05-13T05:31:27","date_gmt":"2021-05-13T05:31:27","guid":{"rendered":"http:\/\/grupotorden.com\/?page_id=10"},"modified":"2026-01-21T15:46:47","modified_gmt":"2026-01-21T15:46:47","slug":"home","status":"publish","type":"page","link":"https:\/\/grupotorden.com\/","title":{"rendered":"Principal"},"content":{"rendered":"\n<div class=\"wp-block-cover alignfull\" style=\"min-height:452px;aspect-ratio:unset;\"><span aria-hidden=\"true\" class=\"wp-block-cover__background has-ast-global-color-0-background-color has-background-dim-100 has-background-dim\"><\/span><div class=\"wp-block-cover__inner-container is-layout-flow wp-block-cover-is-layout-flow\">\n<div class=\"wp-block-media-text alignwide has-media-on-the-right is-vertically-aligned-center\" style=\"grid-template-columns:auto 15%\"><div class=\"wp-block-media-text__content\">\n<p><\/p>\n\n\n\n<p><\/p>\n\n\n\n<h1 class=\"wp-block-heading has-text-color\" id=\"grupo-torden\" style=\"color:#ffffff\"><img loading=\"lazy\" decoding=\"async\" width=\"450\" height=\"141\" class=\"wp-image-449\" style=\"width: 450px;\" src=\"http:\/\/grupotorden.com\/wp-content\/uploads\/2023\/09\/LOGO-COMPANIA-2023.jpeg\" alt=\"\" srcset=\"https:\/\/grupotorden.com\/wp-content\/uploads\/2023\/09\/LOGO-COMPANIA-2023.jpeg 1600w, https:\/\/grupotorden.com\/wp-content\/uploads\/2023\/09\/LOGO-COMPANIA-2023-300x94.jpeg 300w, https:\/\/grupotorden.com\/wp-content\/uploads\/2023\/09\/LOGO-COMPANIA-2023-1024x321.jpeg 1024w, https:\/\/grupotorden.com\/wp-content\/uploads\/2023\/09\/LOGO-COMPANIA-2023-768x240.jpeg 768w, https:\/\/grupotorden.com\/wp-content\/uploads\/2023\/09\/LOGO-COMPANIA-2023-1536x481.jpeg 1536w\" sizes=\"auto, (max-width: 450px) 100vw, 450px\" \/><\/h1>\n\n\n\n<p class=\"has-text-color has-large-font-size\" style=\"color:#ffffff\"><strong>&#8220;Un legado de calidad, ahora en sus manos&#8221;.<\/strong><\/p>\n<\/div><figure class=\"wp-block-media-text__media\"><img loading=\"lazy\" decoding=\"async\" width=\"161\" height=\"56\" src=\"http:\/\/grupotorden.com\/wp-content\/uploads\/2023\/09\/AZUL-TORDEN.png\" alt=\"\" class=\"wp-image-444 size-full\"\/><\/figure><\/div>\n<\/div><\/div>\n\n\n\n<div class=\"wp-block-group alignfull is-layout-flow wp-block-group-is-layout-flow\"><div class=\"wp-block-group__inner-container\">\n<div class=\"wp-block-media-text alignwide is-stacked-on-mobile\" style=\"grid-template-columns:42% auto\"><figure class=\"wp-block-media-text__media\"><img loading=\"lazy\" decoding=\"async\" width=\"1024\" height=\"495\" src=\"http:\/\/grupotorden.com\/wp-content\/uploads\/2023\/09\/LOGO-TORDEN-2023-1024x495.jpeg\" alt=\"\" class=\"wp-image-448 size-full\" srcset=\"https:\/\/grupotorden.com\/wp-content\/uploads\/2023\/09\/LOGO-TORDEN-2023-1024x495.jpeg 1024w, https:\/\/grupotorden.com\/wp-content\/uploads\/2023\/09\/LOGO-TORDEN-2023-300x145.jpeg 300w, https:\/\/grupotorden.com\/wp-content\/uploads\/2023\/09\/LOGO-TORDEN-2023-768x372.jpeg 768w, https:\/\/grupotorden.com\/wp-content\/uploads\/2023\/09\/LOGO-TORDEN-2023-1536x743.jpeg 1536w, https:\/\/grupotorden.com\/wp-content\/uploads\/2023\/09\/LOGO-TORDEN-2023.jpeg 1600w\" sizes=\"auto, (max-width: 1024px) 100vw, 1024px\" \/><\/figure><div class=\"wp-block-media-text__content\">\n<h5 class=\"wp-block-heading\" id=\"quienes-somos\">\u00bfQuienes somos?<\/h5>\n\n\n\n<h4 class=\"wp-block-heading has-text-align-center\" id=\"dedicados-a-la-fabricacion-comercializacion-de-consumibles-de-soldadura-y-a-darle-solucion-a-sus-proyectos-de-infraestructura\">Ofrecemos soldaduras de alta calidad para la uni\u00f3n de materiales, pensadas en la satisfacci\u00f3n de las necesidades de nuestros exigentes clientes finales, gener\u00e1ndoles valor a nuestros distribuidores y accionistas.<\/h4>\n\n\n\n<p><\/p>\n\n\n\n<div class=\"wp-block-buttons is-layout-flex wp-block-buttons-is-layout-flex\">\n<div class=\"wp-block-button\"><a class=\"wp-block-button__link wp-element-button\">Conozca m\u00e1s acerca de nosotros<\/a><\/div>\n<\/div>\n<\/div><\/div>\n\n\n\n<div style=\"height:68px\" aria-hidden=\"true\" class=\"wp-block-spacer\"><\/div>\n\n\n\n<h2 class=\"wp-block-heading\">HOJA MSDS<\/h2>\n\n\n\n<iframe loading=\"lazy\" src=\"https:\/\/docs.google.com\/viewer?srcid=1i8uRmaSPbsoHPHU2ZMf4RpAC8TQjknYH&#038;pid=explorer&#038;efh=false&#038;a=v&#038;chrome=false&#038;embedded=true\" width=\"100%\" height=\"680px\"><\/iframe>\n\n\n\n<h2 class=\"wp-block-heading has-text-align-center\" id=\"nuestro-proceso\">Nuestro proceso<\/h2>\n\n\n\n<div class=\"wp-block-columns alignwide are-vertically-aligned-center is-layout-flex wp-container-core-columns-is-layout-9d6595d7 wp-block-columns-is-layout-flex\">\n<div class=\"wp-block-column is-vertically-aligned-center is-layout-flow wp-block-column-is-layout-flow\">\n<figure class=\"wp-block-image alignleft size-full is-resized\"><img loading=\"lazy\" decoding=\"async\" width=\"508\" height=\"339\" src=\"http:\/\/grupotorden.com\/wp-content\/uploads\/2021\/10\/alambron-1.jpg\" alt=\"\" class=\"wp-image-333\" style=\"aspect-ratio:1.4985250737463127;width:291px;height:auto\" srcset=\"https:\/\/grupotorden.com\/wp-content\/uploads\/2021\/10\/alambron-1.jpg 508w, https:\/\/grupotorden.com\/wp-content\/uploads\/2021\/10\/alambron-1-300x200.jpg 300w\" sizes=\"auto, (max-width: 508px) 100vw, 508px\" \/><\/figure>\n\n\n\n<h4 class=\"wp-block-heading\" id=\"alambron\">Alambr\u00f3n<\/h4>\n\n\n\n<p>Materia prima de primera calidad.<\/p>\n<\/div>\n\n\n\n<div class=\"wp-block-column is-vertically-aligned-center is-layout-flow wp-block-column-is-layout-flow\">\n<figure class=\"wp-block-image size-full is-resized\"><img loading=\"lazy\" decoding=\"async\" width=\"762\" height=\"433\" src=\"http:\/\/grupotorden.com\/wp-content\/uploads\/2021\/09\/Faja-electrodos.jpg\" alt=\"\" class=\"wp-image-259\" style=\"aspect-ratio:1.7598152424942264;width:326px;height:auto\" srcset=\"https:\/\/grupotorden.com\/wp-content\/uploads\/2021\/09\/Faja-electrodos.jpg 762w, https:\/\/grupotorden.com\/wp-content\/uploads\/2021\/09\/Faja-electrodos-300x170.jpg 300w\" sizes=\"auto, (max-width: 762px) 100vw, 762px\" \/><\/figure>\n\n\n\n<h4 class=\"wp-block-heading\" id=\"linea-de-produccion\">L\u00ednea de producci\u00f3n<\/h4>\n\n\n\n<p>Proceso de producci\u00f3n de primer nivel, cuidamos cada etapa de fabricaci\u00f3n.<\/p>\n<\/div>\n\n\n\n<div class=\"wp-block-column is-vertically-aligned-center is-layout-flow wp-block-column-is-layout-flow\">\n<figure class=\"wp-block-image aligncenter size-full is-resized\"><img loading=\"lazy\" decoding=\"async\" width=\"1134\" height=\"1536\" src=\"https:\/\/grupotorden.com\/wp-content\/uploads\/2026\/01\/Tordencord-electrodos-1.jpg\" alt=\"\" class=\"wp-image-535\" style=\"aspect-ratio:0.73829564584376;width:124px;height:auto\" srcset=\"https:\/\/grupotorden.com\/wp-content\/uploads\/2026\/01\/Tordencord-electrodos-1.jpg 1134w, https:\/\/grupotorden.com\/wp-content\/uploads\/2026\/01\/Tordencord-electrodos-1-221x300.jpg 221w, https:\/\/grupotorden.com\/wp-content\/uploads\/2026\/01\/Tordencord-electrodos-1-756x1024.jpg 756w, https:\/\/grupotorden.com\/wp-content\/uploads\/2026\/01\/Tordencord-electrodos-1-768x1040.jpg 768w\" sizes=\"auto, (max-width: 1134px) 100vw, 1134px\" \/><\/figure>\n\n\n\n<h4 class=\"wp-block-heading\" id=\"producto-terminado\">Producto terminado<\/h4>\n\n\n\n<p>Producto terminado para ser usado de inmediato.<\/p>\n<\/div>\n<\/div>\n\n\n\n<div class=\"wp-block-buttons is-horizontal is-content-justification-center is-layout-flex wp-container-core-buttons-is-layout-499968f5 wp-block-buttons-is-layout-flex\">\n<div class=\"wp-block-button\"><a class=\"wp-block-button__link wp-element-button\">Vea todos nuestros productos<\/a><\/div>\n<\/div>\n<\/div><\/div>\n\n\n\n<div class=\"wp-block-media-text has-media-on-the-right is-stacked-on-mobile is-vertically-aligned-center has-ast-global-color-0-background-color has-background\" style=\"grid-template-columns:auto 38%\"><div class=\"wp-block-media-text__content\">\n<div class=\"wp-block-group is-layout-flow wp-block-group-is-layout-flow\"><div class=\"wp-block-group__inner-container\">\n<h2 class=\"wp-block-heading has-text-align-center has-white-color has-text-color\" id=\"necesita-contactarse\"><br>\u00bfNecesita contactarse<strong>?<\/strong><\/h2>\n\n\n\n<p class=\"has-text-align-center has-white-color has-text-color\">Ll\u00e1menos o d\u00e9jenos un mensaje.<\/p>\n\n\n\n<div class=\"wp-block-buttons is-horizontal is-content-justification-center is-layout-flex wp-container-core-buttons-is-layout-499968f5 wp-block-buttons-is-layout-flex\">\n<div class=\"wp-block-button\"><a class=\"wp-block-button__link has-ast-global-color-0-color has-text-color has-background wp-element-button\" href=\"#\" style=\"background-color:#ffffff\">+51 923 931 696<\/a><\/div>\n<\/div>\n<\/div><\/div>\n<\/div><figure class=\"wp-block-media-text__media\"><img loading=\"lazy\" decoding=\"async\" width=\"768\" height=\"1024\" src=\"https:\/\/grupotorden.com\/wp-content\/uploads\/2023\/11\/TORDEN-PW-7-768x1024.jpg\" alt=\"\" class=\"wp-image-480 size-full\" srcset=\"https:\/\/grupotorden.com\/wp-content\/uploads\/2023\/11\/TORDEN-PW-7-768x1023.jpg 768w, https:\/\/grupotorden.com\/wp-content\/uploads\/2023\/11\/TORDEN-PW-7-225x300.jpg 225w, https:\/\/grupotorden.com\/wp-content\/uploads\/2023\/11\/TORDEN-PW-7.jpg 908w\" sizes=\"auto, (max-width: 768px) 100vw, 768px\" \/><\/figure><\/div>\n\n\n\n<div class=\"wp-block-group alignfull is-layout-flow wp-block-group-is-layout-flow\"><div class=\"wp-block-group__inner-container\">\n<h2 class=\"wp-block-heading has-text-align-center\" id=\"trabajos\">Trabajos <\/h2>\n\n\n\n<div class=\"wp-block-columns alignwide is-layout-flex wp-container-core-columns-is-layout-9d6595d7 wp-block-columns-is-layout-flex\">\n<div class=\"wp-block-column is-layout-flow wp-block-column-is-layout-flow\">\n<p class=\"has-text-align-center\">Estructura.<\/p>\n\n\n\n<figure class=\"wp-block-image aligncenter size-full is-resized is-style-default\"><img loading=\"lazy\" decoding=\"async\" width=\"691\" height=\"877\" src=\"https:\/\/grupotorden.com\/wp-content\/uploads\/2022\/01\/Estructura-2a.jpg\" alt=\"\" class=\"wp-image-367\" style=\"aspect-ratio:0.7879133409350056;width:231px;height:auto\" srcset=\"https:\/\/grupotorden.com\/wp-content\/uploads\/2022\/01\/Estructura-2a.jpg 691w, https:\/\/grupotorden.com\/wp-content\/uploads\/2022\/01\/Estructura-2a-236x300.jpg 236w\" sizes=\"auto, (max-width: 691px) 100vw, 691px\" \/><figcaption class=\"wp-element-caption\">JG<\/figcaption><\/figure>\n<\/div>\n\n\n\n<div class=\"wp-block-column is-layout-flow wp-block-column-is-layout-flow\">\n<p class=\"has-text-align-center\">Mesa en el aire.<\/p>\n\n\n\n<figure class=\"wp-block-image aligncenter size-large is-resized is-style-default\"><img loading=\"lazy\" decoding=\"async\" width=\"780\" height=\"1024\" src=\"http:\/\/grupotorden.com\/wp-content\/uploads\/2021\/09\/IMG_6116-780x1024.jpg\" alt=\"\" class=\"wp-image-263\" style=\"aspect-ratio:0.7619047619047619;width:227px;height:auto\" srcset=\"https:\/\/grupotorden.com\/wp-content\/uploads\/2021\/09\/IMG_6116-780x1024.jpg 780w, https:\/\/grupotorden.com\/wp-content\/uploads\/2021\/09\/IMG_6116-228x300.jpg 228w, https:\/\/grupotorden.com\/wp-content\/uploads\/2021\/09\/IMG_6116-768x1008.jpg 768w, https:\/\/grupotorden.com\/wp-content\/uploads\/2021\/09\/IMG_6116.jpg 1080w\" sizes=\"auto, (max-width: 780px) 100vw, 780px\" \/><\/figure>\n\n\n\n<p class=\"has-text-align-center\">RA<\/p>\n<\/div>\n\n\n\n<div class=\"wp-block-column is-layout-flow wp-block-column-is-layout-flow\">\n<p class=\"has-text-align-center\">Port\u00f3n.<\/p>\n\n\n\n<figure class=\"wp-block-image aligncenter size-full is-resized is-style-default\"><img loading=\"lazy\" decoding=\"async\" width=\"960\" height=\"720\" src=\"http:\/\/grupotorden.com\/wp-content\/uploads\/2021\/10\/Porton-acero.jpg\" alt=\"\" class=\"wp-image-328\" style=\"width:387px;height:290px\" srcset=\"https:\/\/grupotorden.com\/wp-content\/uploads\/2021\/10\/Porton-acero.jpg 960w, https:\/\/grupotorden.com\/wp-content\/uploads\/2021\/10\/Porton-acero-300x225.jpg 300w, https:\/\/grupotorden.com\/wp-content\/uploads\/2021\/10\/Porton-acero-768x576.jpg 768w\" sizes=\"auto, (max-width: 960px) 100vw, 960px\" \/><\/figure>\n\n\n\n<p class=\"has-text-align-center\">RZ<\/p>\n<\/div>\n<\/div>\n<\/div><\/div>\n\n\n\n<div class=\"wp-block-group is-layout-flow wp-block-group-is-layout-flow\"><div class=\"wp-block-group__inner-container\">\n<h2 class=\"wp-block-heading has-text-align-center\" id=\"mas-ejemplos\">M\u00e1s Ejemplos<\/h2>\n\n\n\n<figure class=\"wp-block-gallery has-nested-images columns-4 is-cropped wp-block-gallery-1 is-layout-flex wp-block-gallery-is-layout-flex\">\n<figure class=\"wp-block-image size-full\"><img loading=\"lazy\" decoding=\"async\" width=\"768\" height=\"1024\" data-id=\"488\" src=\"https:\/\/grupotorden.com\/wp-content\/uploads\/2023\/11\/CAPACITACION-OROYA-2.jpeg\" alt=\"\" class=\"wp-image-488\" srcset=\"https:\/\/grupotorden.com\/wp-content\/uploads\/2023\/11\/CAPACITACION-OROYA-2.jpeg 768w, https:\/\/grupotorden.com\/wp-content\/uploads\/2023\/11\/CAPACITACION-OROYA-2-225x300.jpeg 225w\" sizes=\"auto, (max-width: 768px) 100vw, 768px\" \/><\/figure>\n\n\n\n<figure class=\"wp-block-image size-large\"><img loading=\"lazy\" decoding=\"async\" width=\"600\" height=\"749\" data-id=\"336\" src=\"http:\/\/grupotorden.com\/wp-content\/uploads\/2021\/10\/soldador-3.jpg\" alt=\"\" class=\"wp-image-336\" srcset=\"https:\/\/grupotorden.com\/wp-content\/uploads\/2021\/10\/soldador-3.jpg 600w, https:\/\/grupotorden.com\/wp-content\/uploads\/2021\/10\/soldador-3-240x300.jpg 240w\" sizes=\"auto, (max-width: 600px) 100vw, 600px\" \/><\/figure>\n\n\n\n<figure class=\"wp-block-image size-full\"><img loading=\"lazy\" decoding=\"async\" width=\"768\" height=\"1024\" data-id=\"489\" src=\"https:\/\/grupotorden.com\/wp-content\/uploads\/2023\/11\/CAPACITACION-OROYA.jpeg\" alt=\"\" class=\"wp-image-489\" srcset=\"https:\/\/grupotorden.com\/wp-content\/uploads\/2023\/11\/CAPACITACION-OROYA.jpeg 768w, https:\/\/grupotorden.com\/wp-content\/uploads\/2023\/11\/CAPACITACION-OROYA-225x300.jpeg 225w\" sizes=\"auto, (max-width: 768px) 100vw, 768px\" \/><\/figure>\n\n\n\n<figure class=\"wp-block-image size-large\"><img loading=\"lazy\" decoding=\"async\" width=\"576\" height=\"1024\" data-id=\"370\" src=\"https:\/\/grupotorden.com\/wp-content\/uploads\/2022\/01\/Ensayo-1a-576x1024.jpg\" alt=\"\" class=\"wp-image-370\" srcset=\"https:\/\/grupotorden.com\/wp-content\/uploads\/2022\/01\/Ensayo-1a-576x1024.jpg 576w, https:\/\/grupotorden.com\/wp-content\/uploads\/2022\/01\/Ensayo-1a-169x300.jpg 169w, https:\/\/grupotorden.com\/wp-content\/uploads\/2022\/01\/Ensayo-1a-768x1365.jpg 768w, https:\/\/grupotorden.com\/wp-content\/uploads\/2022\/01\/Ensayo-1a-864x1536.jpg 864w, https:\/\/grupotorden.com\/wp-content\/uploads\/2022\/01\/Ensayo-1a.jpg 900w\" sizes=\"auto, (max-width: 576px) 100vw, 576px\" \/><\/figure>\n<\/figure>\n\n\n\n<p><\/p>\n<\/div><\/div>\n\n\n\n<div class=\"wp-block-cover alignfull\" style=\"min-height:200px;aspect-ratio:unset;\"><span aria-hidden=\"true\" class=\"wp-block-cover__background has-ast-global-color-0-background-color has-background-dim-100 has-background-dim\"><\/span><div class=\"wp-block-cover__inner-container is-layout-flow wp-block-cover-is-layout-flow\">\n<div class=\"wp-block-media-text is-stacked-on-mobile is-vertically-aligned-center\"><figure class=\"wp-block-media-text__media\"><img loading=\"lazy\" decoding=\"async\" width=\"576\" height=\"1024\" src=\"https:\/\/grupotorden.com\/wp-content\/uploads\/2023\/11\/TORDEN-PW-3-576x1024.jpg\" alt=\"\" class=\"wp-image-481 size-full\" srcset=\"https:\/\/grupotorden.com\/wp-content\/uploads\/2023\/11\/TORDEN-PW-3-576x1024.jpg 576w, https:\/\/grupotorden.com\/wp-content\/uploads\/2023\/11\/TORDEN-PW-3-169x300.jpg 169w, https:\/\/grupotorden.com\/wp-content\/uploads\/2023\/11\/TORDEN-PW-3.jpg 594w\" sizes=\"auto, (max-width: 576px) 100vw, 576px\" \/><\/figure><div class=\"wp-block-media-text__content\">\n<div class=\"wp-block-group is-layout-flow wp-block-group-is-layout-flow\"><div class=\"wp-block-group__inner-container\">\n<h2 class=\"wp-block-heading has-text-align-center has-white-color has-text-color\" id=\"estamos-para-ayudar-llamanos\">Estamos para ayudar! Ll\u00e1manos!<\/h2>\n\n\n\n<div class=\"wp-block-buttons is-horizontal is-content-justification-center is-layout-flex wp-container-core-buttons-is-layout-499968f5 wp-block-buttons-is-layout-flex\">\n<div class=\"wp-block-button\"><a class=\"wp-block-button__link has-ast-global-color-0-color has-text-color has-background wp-element-button\" href=\"#\" style=\"background-color:#ffffff\">+51 923 931 696<\/a><\/div>\n<\/div>\n<\/div><\/div>\n<\/div><\/div>\n<\/div><\/div>\n","protected":false},"excerpt":{"rendered":"<p>\u00bfQuienes somos? Ofrecemos soldaduras de alta calidad para la uni\u00f3n de materiales, pensadas en la satisfacci\u00f3n de las necesidades de nuestros exigentes clientes finales, gener\u00e1ndoles valor a nuestros distribuidores y accionistas. HOJA MSDS Nuestro proceso Alambr\u00f3n Materia prima de primera calidad. L\u00ednea de producci\u00f3n Proceso de producci\u00f3n de primer nivel, cuidamos cada etapa de fabricaci\u00f3n. &hellip;<\/p>\n<p class=\"read-more\"> <a class=\"\" href=\"https:\/\/grupotorden.com\/\"> <span class=\"screen-reader-text\">Principal<\/span> Read More &raquo;<\/a><\/p>\n","protected":false},"author":1,"featured_media":0,"parent":0,"menu_order":0,"comment_status":"closed","ping_status":"closed","template":"","meta":{"om_disable_all_campaigns":false,"_monsterinsights_skip_tracking":false,"_monsterinsights_sitenote_active":false,"_monsterinsights_sitenote_note":"","_monsterinsights_sitenote_category":0,"footnotes":""},"class_list":["post-10","page","type-page","status-publish","hentry"],"_links":{"self":[{"href":"https:\/\/grupotorden.com\/index.php?rest_route=\/wp\/v2\/pages\/10","targetHints":{"allow":["GET"]}}],"collection":[{"href":"https:\/\/grupotorden.com\/index.php?rest_route=\/wp\/v2\/pages"}],"about":[{"href":"https:\/\/grupotorden.com\/index.php?rest_route=\/wp\/v2\/types\/page"}],"author":[{"embeddable":true,"href":"https:\/\/grupotorden.com\/index.php?rest_route=\/wp\/v2\/users\/1"}],"replies":[{"embeddable":true,"href":"https:\/\/grupotorden.com\/index.php?rest_route=%2Fwp%2Fv2%2Fcomments&post=10"}],"version-history":[{"count":52,"href":"https:\/\/grupotorden.com\/index.php?rest_route=\/wp\/v2\/pages\/10\/revisions"}],"predecessor-version":[{"id":538,"href":"https:\/\/grupotorden.com\/index.php?rest_route=\/wp\/v2\/pages\/10\/revisions\/538"}],"wp:attachment":[{"href":"https:\/\/grupotorden.com\/index.php?rest_route=%2Fwp%2Fv2%2Fmedia&parent=10"}],"curies":[{"name":"wp","href":"https:\/\/api.w.org\/{rel}","templated":true}]}}